{"id":105,"date":"2016-07-27T21:04:36","date_gmt":"2016-07-27T19:04:36","guid":{"rendered":"http:\/\/www.ergoteam-demenz.at\/?page_id=105"},"modified":"2017-02-24T18:48:27","modified_gmt":"2017-02-24T17:48:27","slug":"cortolezis","status":"publish","type":"page","link":"https:\/\/www.ergoteam-demenz.at\/?page_id=105","title":{"rendered":"Cortolezis"},"content":{"rendered":"<p><strong class=\"alignnone\"><img loading=\"lazy\" decoding=\"async\" class=\"wp-image-324  alignright\" src=\"http:\/\/www.ergoteam-demenz.at\/wp-content\/uploads\/2017\/02\/DSC_5110_mittel.jpg\" width=\"201\" height=\"302\" srcset=\"https:\/\/www.ergoteam-demenz.at\/wp-content\/uploads\/2017\/02\/DSC_5110_mittel.jpg 600w, https:\/\/www.ergoteam-demenz.at\/wp-content\/uploads\/2017\/02\/DSC_5110_mittel-200x300.jpg 200w\" sizes=\"auto, (max-width: 201px) 100vw, 201px\" \/>Edeltraud Cortolezis<\/strong><\/p>\n<p>Ich bin seit\u00a01987 Ergotherapeutin,<\/p>\n<p>und arbeite seit mehreren Jahren im geriatrischen Bereich in der station\u00e4ren Langzeitpflege, mit dem Schwerpunkt Demenz.<\/p>\n<p>Seit 2012 Vortragst\u00e4tigkeit zum Thema Demenz.<\/p>\n<p><strong>\u00a0<\/strong><\/p>\n<p><strong>Zusatzausbildungen\/Fortbildungen:<\/strong><\/p>\n<ul>\n<li>Positionierung und Lagewechsel bei Patienten mit kognitiven Einschr\u00e4nkungen<\/li>\n<li>Ergotherapie in der palliativen Versorgung<\/li>\n<li>Sturzpr\u00e4vention und pr\u00e4ventives Gangsicherheitstraining<\/li>\n<li>Pr\u00e4-Affolter &#8211; Behandlung von Wahrnehmungsst\u00f6rungen bei Erwachsenen nach erworbener Hirnsch\u00e4digung<\/li>\n<li>Kin\u00e4sthetik<\/li>\n<li>Basale Stimulation<\/li>\n<li>Demenz<\/li>\n<\/ul>\n<p>&nbsp;<\/p>\n<p><strong>&#8222;Um klar zu sehen reicht oft ein Wechsel der Blickrichtung.&#8220;<\/strong><span style=\"color: #33cccc;\"> \u00a0(Antoine de Saint-Exup\u00e9ry)<\/span><\/p>\n","protected":false},"excerpt":{"rendered":"<p>Edeltraud Cortolezis Ich bin seit\u00a01987 Ergotherapeutin, und arbeite seit mehreren Jahren im geriatrischen Bereich in der station\u00e4ren Langzeitpflege, mit dem Schwerpunkt Demenz. Seit 2012 Vortragst\u00e4tigkeit zum Thema Demenz. \u00a0 Zusatzausbildungen\/Fortbildungen: Positionierung und Lagewechsel bei Patienten mit kognitiven Einschr\u00e4nkungen Ergotherapie in der palliativen Versorgung Sturzpr\u00e4vention und pr\u00e4ventives Gangsicherheitstraining Pr\u00e4-Affolter &#8211; Behandlung von Wahrnehmungsst\u00f6rungen bei Erwachsenen nach<\/p>\n","protected":false},"author":1,"featured_media":0,"parent":21,"menu_order":0,"comment_status":"closed","ping_status":"closed","template":"page-fullwidth.php","meta":{"footnotes":""},"class_list":["post-105","page","type-page","status-publish","hentry"],"_links":{"self":[{"href":"https:\/\/www.ergoteam-demenz.at\/index.php?rest_route=\/wp\/v2\/pages\/105","targetHints":{"allow":["GET"]}}],"collection":[{"href":"https:\/\/www.ergoteam-demenz.at\/index.php?rest_route=\/wp\/v2\/pages"}],"about":[{"href":"https:\/\/www.ergoteam-demenz.at\/index.php?rest_route=\/wp\/v2\/types\/page"}],"author":[{"embeddable":true,"href":"https:\/\/www.ergoteam-demenz.at\/index.php?rest_route=\/wp\/v2\/users\/1"}],"replies":[{"embeddable":true,"href":"https:\/\/www.ergoteam-demenz.at\/index.php?rest_route=%2Fwp%2Fv2%2Fcomments&post=105"}],"version-history":[{"count":10,"href":"https:\/\/www.ergoteam-demenz.at\/index.php?rest_route=\/wp\/v2\/pages\/105\/revisions"}],"predecessor-version":[{"id":326,"href":"https:\/\/www.ergoteam-demenz.at\/index.php?rest_route=\/wp\/v2\/pages\/105\/revisions\/326"}],"up":[{"embeddable":true,"href":"https:\/\/www.ergoteam-demenz.at\/index.php?rest_route=\/wp\/v2\/pages\/21"}],"wp:attachment":[{"href":"https:\/\/www.ergoteam-demenz.at\/index.php?rest_route=%2Fwp%2Fv2%2Fmedia&parent=105"}],"curies":[{"name":"wp","href":"https:\/\/api.w.org\/{rel}","templated":true}]}}