{"id":107,"date":"2016-07-27T21:13:43","date_gmt":"2016-07-27T19:13:43","guid":{"rendered":"http:\/\/www.ergoteam-demenz.at\/?page_id=107"},"modified":"2025-08-02T16:24:45","modified_gmt":"2025-08-02T14:24:45","slug":"selzer-haslauer","status":"publish","type":"page","link":"https:\/\/www.ergoteam-demenz.at\/?page_id=107","title":{"rendered":"Selzer-Haslauer"},"content":{"rendered":"<p><strong>Ulrike Selzer-Haslauer<\/strong><\/p>\n<p><img loading=\"lazy\" decoding=\"async\" class=\"alignright wp-image-592\" src=\"https:\/\/www.ergoteam-demenz.at\/wp-content\/uploads\/2025\/08\/6.jpg\" alt=\"U. Selzer-Haslauer\" width=\"188\" height=\"282\" srcset=\"https:\/\/www.ergoteam-demenz.at\/wp-content\/uploads\/2025\/08\/6.jpg 600w, https:\/\/www.ergoteam-demenz.at\/wp-content\/uploads\/2025\/08\/6-200x300.jpg 200w\" sizes=\"auto, (max-width: 188px) 100vw, 188px\" \/><\/p>\n<p>Ich bin seit\u00a01984 Ergotherapeutin,<\/p>\n<p>mit langj\u00e4hriger Erfahrung im Bereich Geriatrie\u00a0in unterschiedlichen Settings \u2013 sowohl angestellt als auch freiberuflich.<\/p>\n<p class=\"p1\"><span class=\"s1\"> Seit 2012 bin ich auch vermehrt als Referentin im Bereich \u201eErgotherapie und Umgang mit Menschen mit\u00a0<\/span>Demenz\/ kognitiven Einschr\u00e4nkungen\u201c t\u00e4tig.<\/p>\n<p>&nbsp;<\/p>\n<p class=\"p1\"><span class=\"s1\">\u00a0<b>Zusatzausbildungen\/Fortbildungen\/ Erfahrungen<\/b><\/span><\/p>\n<ul>\n<li class=\"li2\"><span class=\"s1\">Positionierung und Lagewechsel bei Patienten mit kognitiven Einschr\u00e4nkungen<\/span><\/li>\n<li class=\"li2\"><span class=\"s1\">Ergotherapie in der palliativen Versorgung<\/span><\/li>\n<li class=\"li2\"><span class=\"s1\">Sturzpr\u00e4vention und pr\u00e4ventives Gangsicherheitstraining<\/span><\/li>\n<li class=\"li2\"><span class=\"s1\">Pr\u00e4-Affolter \u2013 Behandlung von Wahrnehmungsst\u00f6rungen bei Erwachsenen nach erworbener Hirnsch\u00e4digung<\/span><\/li>\n<li class=\"li2\"><span class=\"s1\">Bobath-Kurs<\/span><\/li>\n<li>Demenz Balance-Modell\u00a9 \u00a0Multiplikatorin<\/li>\n<li class=\"li2\"><span class=\"s1\">Basale Stimulation<\/span><\/li>\n<li class=\"li2\"><span class=\"s1\">Biografiearbeit<\/span><\/li>\n<li class=\"li2\"><span class=\"s1\">Validation<\/span><\/li>\n<li class=\"li2\"><span class=\"s1\">Zahlreiche Demenz-Fortbildungen und Teilnahme an Arbeitskreisen, Kongressen und Aktionstagen<\/span><\/li>\n<li class=\"li2\"><span class=\"s1\">Unterrichtst\u00e4tigkeit an der FH Wien und Wr.Neustadt, beim Fonds Soziales Wien, Berufsverband der Ergotherapeuten \u00d6sterreichs, Haus der Barmherzigkeit und beim Kur. der Wr.Pensionistenwohnh\u00e4user<\/span><\/li>\n<li class=\"li2\"><span class=\"s1\">Jahrelange pers\u00f6nliche Erfahrung als pflegende Angeh\u00f6rige eines Familienmitglieds mit Demenz<\/span><\/li>\n<\/ul>\n<p class=\"p1\"><strong><span class=\"s1\">\u00a0&#8222;You matter because you are you, and you matter to the end of your life.&#8220; <\/span><\/strong><span style=\"color: #00ccff;\"><span class=\"s1\">(<\/span><span class=\"s1\">Dame Cicely Saunders, Gr\u00fcnderin der Hospiz-Bewegung)<\/span><\/span><\/p>\n","protected":false},"excerpt":{"rendered":"<p>Ulrike Selzer-Haslauer Ich bin seit\u00a01984 Ergotherapeutin, mit langj\u00e4hriger Erfahrung im Bereich Geriatrie\u00a0in unterschiedlichen Settings \u2013 sowohl angestellt als auch freiberuflich. Seit 2012 bin ich auch vermehrt als Referentin im Bereich \u201eErgotherapie und Umgang mit Menschen mit\u00a0Demenz\/ kognitiven Einschr\u00e4nkungen\u201c t\u00e4tig. &nbsp; \u00a0Zusatzausbildungen\/Fortbildungen\/ Erfahrungen Positionierung und Lagewechsel bei Patienten mit kognitiven Einschr\u00e4nkungen Ergotherapie in der palliativen Versorgung<\/p>\n","protected":false},"author":1,"featured_media":0,"parent":21,"menu_order":0,"comment_status":"closed","ping_status":"closed","template":"page-fullwidth.php","meta":{"footnotes":""},"class_list":["post-107","page","type-page","status-publish","hentry"],"_links":{"self":[{"href":"https:\/\/www.ergoteam-demenz.at\/index.php?rest_route=\/wp\/v2\/pages\/107","targetHints":{"allow":["GET"]}}],"collection":[{"href":"https:\/\/www.ergoteam-demenz.at\/index.php?rest_route=\/wp\/v2\/pages"}],"about":[{"href":"https:\/\/www.ergoteam-demenz.at\/index.php?rest_route=\/wp\/v2\/types\/page"}],"author":[{"embeddable":true,"href":"https:\/\/www.ergoteam-demenz.at\/index.php?rest_route=\/wp\/v2\/users\/1"}],"replies":[{"embeddable":true,"href":"https:\/\/www.ergoteam-demenz.at\/index.php?rest_route=%2Fwp%2Fv2%2Fcomments&post=107"}],"version-history":[{"count":11,"href":"https:\/\/www.ergoteam-demenz.at\/index.php?rest_route=\/wp\/v2\/pages\/107\/revisions"}],"predecessor-version":[{"id":597,"href":"https:\/\/www.ergoteam-demenz.at\/index.php?rest_route=\/wp\/v2\/pages\/107\/revisions\/597"}],"up":[{"embeddable":true,"href":"https:\/\/www.ergoteam-demenz.at\/index.php?rest_route=\/wp\/v2\/pages\/21"}],"wp:attachment":[{"href":"https:\/\/www.ergoteam-demenz.at\/index.php?rest_route=%2Fwp%2Fv2%2Fmedia&parent=107"}],"curies":[{"name":"wp","href":"https:\/\/api.w.org\/{rel}","templated":true}]}}