{"id":343,"date":"2017-03-18T16:24:26","date_gmt":"2017-03-18T15:24:26","guid":{"rendered":"http:\/\/www.ergoteam-demenz.at\/?page_id=343"},"modified":"2025-09-25T15:54:23","modified_gmt":"2025-09-25T13:54:23","slug":"kurse-allgemein","status":"publish","type":"page","link":"https:\/\/www.ergoteam-demenz.at\/?page_id=343","title":{"rendered":"Kurse allgemein"},"content":{"rendered":"<p><span style=\"color: #999999;\"><strong>Wir bieten unterschiedliche Workshops zum Thema Demenz an.<\/strong><\/span><\/p>\n<p>Wissen \u00fcber das Krankheitsbild der Demenz\u00a0 bildet die Grundlage f\u00fcr die Entwicklung geeigneter Strategien im Arbeitsalltag und erm\u00f6glicht einen wertsch\u00e4tzenden Zugang zu den Betroffenen.<\/p>\n<p>Alle unsere Seminare\u00a0sind sehr praxisnah konzipiert und richten sich an unterschiedliche Personengruppen, die mit Menschen mit Demenz in Kontakt sind.<\/p>\n<p>Unser Angebot umfasst fertig konzipierte Kurse, wir\u00a0erstellen Ihnen aber gerne auch\u00a0ein individuelles Kursangebot nach Ihren Bed\u00fcrfnissen.<\/p>\n","protected":false},"excerpt":{"rendered":"<p>Wir bieten unterschiedliche Workshops zum Thema Demenz an. Wissen \u00fcber das Krankheitsbild der Demenz\u00a0 bildet die Grundlage f\u00fcr die Entwicklung geeigneter Strategien im Arbeitsalltag und erm\u00f6glicht einen wertsch\u00e4tzenden Zugang zu den Betroffenen. Alle unsere Seminare\u00a0sind sehr praxisnah konzipiert und richten sich an unterschiedliche Personengruppen, die mit Menschen mit Demenz in Kontakt sind. Unser Angebot umfasst<\/p>\n","protected":false},"author":1,"featured_media":605,"parent":0,"menu_order":0,"comment_status":"closed","ping_status":"closed","template":"","meta":{"footnotes":""},"class_list":["post-343","page","type-page","status-publish","has-post-thumbnail","hentry"],"_links":{"self":[{"href":"https:\/\/www.ergoteam-demenz.at\/index.php?rest_route=\/wp\/v2\/pages\/343","targetHints":{"allow":["GET"]}}],"collection":[{"href":"https:\/\/www.ergoteam-demenz.at\/index.php?rest_route=\/wp\/v2\/pages"}],"about":[{"href":"https:\/\/www.ergoteam-demenz.at\/index.php?rest_route=\/wp\/v2\/types\/page"}],"author":[{"embeddable":true,"href":"https:\/\/www.ergoteam-demenz.at\/index.php?rest_route=\/wp\/v2\/users\/1"}],"replies":[{"embeddable":true,"href":"https:\/\/www.ergoteam-demenz.at\/index.php?rest_route=%2Fwp%2Fv2%2Fcomments&post=343"}],"version-history":[{"count":3,"href":"https:\/\/www.ergoteam-demenz.at\/index.php?rest_route=\/wp\/v2\/pages\/343\/revisions"}],"predecessor-version":[{"id":378,"href":"https:\/\/www.ergoteam-demenz.at\/index.php?rest_route=\/wp\/v2\/pages\/343\/revisions\/378"}],"wp:featuredmedia":[{"embeddable":true,"href":"https:\/\/www.ergoteam-demenz.at\/index.php?rest_route=\/wp\/v2\/media\/605"}],"wp:attachment":[{"href":"https:\/\/www.ergoteam-demenz.at\/index.php?rest_route=%2Fwp%2Fv2%2Fmedia&parent=343"}],"curies":[{"name":"wp","href":"https:\/\/api.w.org\/{rel}","templated":true}]}}