{"id":353,"date":"2017-03-18T16:12:36","date_gmt":"2017-03-18T15:12:36","guid":{"rendered":"http:\/\/www.ergoteam-demenz.at\/?page_id=353"},"modified":"2017-03-18T16:20:54","modified_gmt":"2017-03-18T15:20:54","slug":"workshop-essen","status":"publish","type":"page","link":"https:\/\/www.ergoteam-demenz.at\/?page_id=353","title":{"rendered":"Workshop Essen"},"content":{"rendered":"<h3><span style=\"color: #999999;\"><br \/>\n<img loading=\"lazy\" decoding=\"async\" class=\"wp-image-355 alignright\" src=\"http:\/\/www.ergoteam-demenz.at\/wp-content\/uploads\/2017\/03\/359.jpg\" alt=\"\" width=\"349\" height=\"223\" \/><br \/>\n<strong>&#8222;Wie schmeckt es Ihnen?\u201c<\/strong><br \/>\n<strong> Problemfeld Essen (und Trinken) bei Demenz<\/strong><\/span><\/h3>\n<p><b><br \/>\nZielgruppe: <\/b>HeimhelferInnen \/ Betreuerinnen \/ Pflegepersonen<\/p>\n<p><strong><br \/>\nKursziele:<\/strong><\/p>\n<p>Die Teilnehmerinnen<\/p>\n<ul>\n<li>erhalten eine kurze Einf\u00fchrung zum Thema Demenz (Verlauf, Formen, Symptome\u2026)<\/li>\n<li>lernen m\u00f6gliche Probleme und deren Ursachen im Bereich Essen (und Trinken) kennen<\/li>\n<li>erhalten Anregungen und Tipps zur L\u00f6sung dieser Problemstellungen<\/li>\n<li>bekommen Strategien aufgezeigt, mit schwierigen Verhaltensweisen umzugehen<\/li>\n<li>erhalten Tipps f\u00fcr eine ad\u00e4quate Kommunikation, Begleitung bzw. Anleitung von Menschen mit Demenz<\/li>\n<\/ul>\n<p>&nbsp;<\/p>\n<p><strong>Beschreibung:<br \/>\n<\/strong><\/p>\n<p><span lang=\"DE\">Das Essen spielt im Alltag eine gro\u00dfe Rolle, dabei auftretende Schwierigkeiten fallen t\u00e4glich ins Gewicht. Wir beleuchten gemeinsam die in Frage kommenden Ursachen und erarbeiten praktische L\u00f6sungsm\u00f6glichkeiten. Theoretisches Wissen und allgemeine sowie individuelle Tipps erweitern die Handlungskompetenz der Teilnehmer.<\/span><\/p>\n<p>&nbsp;<\/p>\n<p><b>Inhalte:<\/b><\/p>\n<ul>\n<li>Theorie zum Krankheitsbild Demenz<\/li>\n<li>m\u00f6gliche Probleme und deren Ursachen im Bereich Essen (und Trinken)<\/li>\n<li>Beispiele f\u00fcr m\u00f6gliche L\u00f6sungsans\u00e4tze<\/li>\n<li>Gestaltung einer f\u00f6rdernden Umgebung<\/li>\n<li>spezielle Kommunikation mit Menschen mit Demenz, richtiges Anleiten bzw. Begleiten<\/li>\n<li>Arbeit in Kleingruppen (Selbsterfahrung, Bearbeiten von konkreten Alltagssituationen zum Thema)<\/li>\n<\/ul>\n<p>&nbsp;<\/p>\n<p><strong>Dauer:<\/strong> halbt\u00e4gig (4 Stunden)<\/p>\n<p>2 Referentinnen<\/p>\n","protected":false},"excerpt":{"rendered":"<p>&#8222;Wie schmeckt es Ihnen?\u201c Problemfeld Essen (und Trinken) bei Demenz Zielgruppe: HeimhelferInnen \/ Betreuerinnen \/ Pflegepersonen Kursziele: Die Teilnehmerinnen erhalten eine kurze Einf\u00fchrung zum Thema Demenz (Verlauf, Formen, Symptome\u2026) lernen m\u00f6gliche Probleme und deren Ursachen im Bereich Essen (und Trinken) kennen erhalten Anregungen und Tipps zur L\u00f6sung dieser Problemstellungen bekommen Strategien aufgezeigt, mit schwierigen Verhaltensweisen<\/p>\n","protected":false},"author":1,"featured_media":0,"parent":0,"menu_order":0,"comment_status":"closed","ping_status":"closed","template":"","meta":{"footnotes":""},"class_list":["post-353","page","type-page","status-publish","hentry"],"_links":{"self":[{"href":"https:\/\/www.ergoteam-demenz.at\/index.php?rest_route=\/wp\/v2\/pages\/353","targetHints":{"allow":["GET"]}}],"collection":[{"href":"https:\/\/www.ergoteam-demenz.at\/index.php?rest_route=\/wp\/v2\/pages"}],"about":[{"href":"https:\/\/www.ergoteam-demenz.at\/index.php?rest_route=\/wp\/v2\/types\/page"}],"author":[{"embeddable":true,"href":"https:\/\/www.ergoteam-demenz.at\/index.php?rest_route=\/wp\/v2\/users\/1"}],"replies":[{"embeddable":true,"href":"https:\/\/www.ergoteam-demenz.at\/index.php?rest_route=%2Fwp%2Fv2%2Fcomments&post=353"}],"version-history":[{"count":6,"href":"https:\/\/www.ergoteam-demenz.at\/index.php?rest_route=\/wp\/v2\/pages\/353\/revisions"}],"predecessor-version":[{"id":446,"href":"https:\/\/www.ergoteam-demenz.at\/index.php?rest_route=\/wp\/v2\/pages\/353\/revisions\/446"}],"wp:attachment":[{"href":"https:\/\/www.ergoteam-demenz.at\/index.php?rest_route=%2Fwp%2Fv2%2Fmedia&parent=353"}],"curies":[{"name":"wp","href":"https:\/\/api.w.org\/{rel}","templated":true}]}}