{"id":393,"date":"2017-03-18T15:19:52","date_gmt":"2017-03-18T14:19:52","guid":{"rendered":"http:\/\/www.ergoteam-demenz.at\/?page_id=393"},"modified":"2017-03-21T23:25:01","modified_gmt":"2017-03-21T22:25:01","slug":"impressum","status":"publish","type":"page","link":"https:\/\/www.ergoteam-demenz.at\/?page_id=393","title":{"rendered":"Impressum"},"content":{"rendered":"<p>Offenlegung gem\u00e4\u00df \u00a7 25 Mediengesetz<\/p>\n<p><b>Me<\/b><b>dieninhaber:<br \/>\n<\/b>Name der Website: www.ergoteam-demenz.at<br \/>\nErgoteam Demenz<br \/>\nEdeltraud Cortolezis, Helga Fabianits, Ulrike Selzer-Haslauer<\/p>\n<p>Kontakt: <a href=\"javascript:secureDecryptAndNavigate('PNg4kI55GdxeVhSyY\/tZB9GnVo5uzz+L+LTmar5ZTLsg30IxWMewYqAQgBI3xocWj7zI4fRa0vT+EjM4C8QE2EHquBALwp4Z+rcBj1s=', '4334c6176745c2cb430c0e2c3ac6e702269ab8068c55bd4a21a1d217071f12a4')\">ergoteam-demenz [at] gmx [dot] at<\/a><\/p>\n<p><strong>Unternehmensgegenstand<\/strong>: Ergotherapie, Vortragst\u00e4tigkeit, Beratung<\/p>\n<p><strong>Anwendbare Rechtsvorschrift:<\/strong> Ergotherapie ist ein gesetzlich geregelter Gesundheitsberuf (MTD-Gesetz, BGBl. Nr. 460\/1992) und eine Pflichtleistung der \u00f6sterreichischen Sozialversicherung. Angeh\u00f6rige des ergotherapeutischen Dienstes sind nach Meldung an die Bezirksverwaltungsbeh\u00f6rde zur freiberuflichen Berufsaus\u00fcbung berechtigt.<br \/>\nDa unsere therapeutische T\u00e4tigkeit nach \u00a7 6 (1) Abs. 23 UStG umsatzsteuerbefreit ist, verstehen sich alle unsere Preise ohne Umsatzsteuer.<br \/>\nGerichtsstand ist\u00a0Wien.<\/p>\n<p><strong>F\u00fcr den Inhalt verantwortlich<\/strong>: \u00a9 Ergoteam Demenz<\/p>\n<p>Fotos: \u00a9 privat; Fotos Startseite, Validation \u00a9pixabay<\/p>\n<p>Inhalte und Fotos dieser Website sind durch Urheberrecht gesch\u00fctzt und d\u00fcrfen nur mit unserer schriftlichen Genehmigung reproduziert oder verwendet werden.<\/p>\n<p><strong>Haftungsausschluss<\/strong>: Die Inhalte unserer Website dienen zur allgemeinen Information. F\u00fcr Vollst\u00e4ndigkeit, Richtigkeit und Aktualit\u00e4t wird keine Haftung \u00fcbernommen.<\/p>\n<p>Verlinkungen zu externe Webseiten stehen au\u00dferhalb unseres Einflussbereichs. F\u00fcr deren Inhalt und Funktion \u00fcbernehmen wir keinerlei Haftung.<\/p>\n<p>&nbsp;<\/p>\n","protected":false},"excerpt":{"rendered":"<p>Offenlegung gem\u00e4\u00df \u00a7 25 Mediengesetz Medieninhaber: Name der Website: www.ergoteam-demenz.at Ergoteam Demenz Edeltraud Cortolezis, Helga Fabianits, Ulrike Selzer-Haslauer Kontakt: ergoteam-demenz [at] gmx [dot] at Unternehmensgegenstand: Ergotherapie, Vortragst\u00e4tigkeit, Beratung Anwendbare Rechtsvorschrift: Ergotherapie ist ein gesetzlich geregelter Gesundheitsberuf (MTD-Gesetz, BGBl. Nr. 460\/1992) und eine Pflichtleistung der \u00f6sterreichischen Sozialversicherung. Angeh\u00f6rige des ergotherapeutischen Dienstes sind nach Meldung an die<\/p>\n","protected":false},"author":1,"featured_media":0,"parent":0,"menu_order":0,"comment_status":"closed","ping_status":"closed","template":"page-fullwidth.php","meta":{"footnotes":""},"class_list":["post-393","page","type-page","status-publish","hentry"],"_links":{"self":[{"href":"https:\/\/www.ergoteam-demenz.at\/index.php?rest_route=\/wp\/v2\/pages\/393","targetHints":{"allow":["GET"]}}],"collection":[{"href":"https:\/\/www.ergoteam-demenz.at\/index.php?rest_route=\/wp\/v2\/pages"}],"about":[{"href":"https:\/\/www.ergoteam-demenz.at\/index.php?rest_route=\/wp\/v2\/types\/page"}],"author":[{"embeddable":true,"href":"https:\/\/www.ergoteam-demenz.at\/index.php?rest_route=\/wp\/v2\/users\/1"}],"replies":[{"embeddable":true,"href":"https:\/\/www.ergoteam-demenz.at\/index.php?rest_route=%2Fwp%2Fv2%2Fcomments&post=393"}],"version-history":[{"count":4,"href":"https:\/\/www.ergoteam-demenz.at\/index.php?rest_route=\/wp\/v2\/pages\/393\/revisions"}],"predecessor-version":[{"id":627,"href":"https:\/\/www.ergoteam-demenz.at\/index.php?rest_route=\/wp\/v2\/pages\/393\/revisions\/627"}],"wp:attachment":[{"href":"https:\/\/www.ergoteam-demenz.at\/index.php?rest_route=%2Fwp%2Fv2%2Fmedia&parent=393"}],"curies":[{"name":"wp","href":"https:\/\/api.w.org\/{rel}","templated":true}]}}