{"id":55,"date":"2016-11-04T09:19:05","date_gmt":"2016-11-04T08:19:05","guid":{"rendered":"http:\/\/www.ergoteam-demenz.at\/?page_id=55"},"modified":"2025-11-13T17:50:09","modified_gmt":"2025-11-13T16:50:09","slug":"et-bei-demenz","status":"publish","type":"page","link":"https:\/\/www.ergoteam-demenz.at\/?page_id=55","title":{"rendered":"ET bei Demenz"},"content":{"rendered":"<p>&nbsp;<\/p>\n<p><strong>Aufgrund dementieller Beeintr\u00e4chtigungen erleben Betroffene Einschr\u00e4nkungen im pers\u00f6nlichen Bereich und in der Alltagsbew\u00e4ltigung. Dies hat meist auch Auswirkungen auf die soziale Teilhabe.<\/strong><\/p>\n<p>Ergotherapie unterst\u00fctzt Menschen mit einer Demenzerkrankung dabei, so lange wie m\u00f6glich selbstst\u00e4ndig und aktiv zu bleiben, und damit die Lebensqualit\u00e4t von Betroffenen und Angeh\u00f6rigen zu verbessern.<\/p>\n<p>Wir<\/p>\n<ul>\n<li>erarbeiten gemeinsam mit den Betroffenen und deren Angeh\u00f6rigen Strategien, wie gewohnte Alltagsaktivit\u00e4ten so lange wie m\u00f6glich selbst\u00e4ndig durchgef\u00fchrt werden k\u00f6nnen<\/li>\n<li>beraten bei der Auswahl der passenden Hilfsmittel und \u00fcben deren\u00a0Umgang<\/li>\n<li>f\u00f6rdern die vorhandenen Ressourcen und F\u00e4higkeiten durch kognitives Training, Wahrnehmungsf\u00f6rderung und Bewegungsangebote<\/li>\n<li>beraten bei der Anpassung der Wohnumgebung, um die Orientierung zu verbessern und St\u00fcrze zu vermeiden<\/li>\n<li>informieren Angeh\u00f6rige und Betreuungspersonen \u00fcber geeignete Kommunikationsstrategien und Unterst\u00fctzungsm\u00f6glichkeiten<\/li>\n<\/ul>\n<p><strong>\u00a0<\/strong><\/p>\n","protected":false},"excerpt":{"rendered":"<p>&nbsp; Aufgrund dementieller Beeintr\u00e4chtigungen erleben Betroffene Einschr\u00e4nkungen im pers\u00f6nlichen Bereich und in der Alltagsbew\u00e4ltigung. Dies hat meist auch Auswirkungen auf die soziale Teilhabe. Ergotherapie unterst\u00fctzt Menschen mit einer Demenzerkrankung dabei, so lange wie m\u00f6glich selbstst\u00e4ndig und aktiv zu bleiben, und damit die Lebensqualit\u00e4t von Betroffenen und Angeh\u00f6rigen zu verbessern. Wir erarbeiten gemeinsam mit den Betroffenen<\/p>\n","protected":false},"author":1,"featured_media":211,"parent":0,"menu_order":0,"comment_status":"closed","ping_status":"closed","template":"","meta":{"footnotes":""},"class_list":["post-55","page","type-page","status-publish","has-post-thumbnail","hentry"],"_links":{"self":[{"href":"https:\/\/www.ergoteam-demenz.at\/index.php?rest_route=\/wp\/v2\/pages\/55","targetHints":{"allow":["GET"]}}],"collection":[{"href":"https:\/\/www.ergoteam-demenz.at\/index.php?rest_route=\/wp\/v2\/pages"}],"about":[{"href":"https:\/\/www.ergoteam-demenz.at\/index.php?rest_route=\/wp\/v2\/types\/page"}],"author":[{"embeddable":true,"href":"https:\/\/www.ergoteam-demenz.at\/index.php?rest_route=\/wp\/v2\/users\/1"}],"replies":[{"embeddable":true,"href":"https:\/\/www.ergoteam-demenz.at\/index.php?rest_route=%2Fwp%2Fv2%2Fcomments&post=55"}],"version-history":[{"count":18,"href":"https:\/\/www.ergoteam-demenz.at\/index.php?rest_route=\/wp\/v2\/pages\/55\/revisions"}],"predecessor-version":[{"id":619,"href":"https:\/\/www.ergoteam-demenz.at\/index.php?rest_route=\/wp\/v2\/pages\/55\/revisions\/619"}],"wp:featuredmedia":[{"embeddable":true,"href":"https:\/\/www.ergoteam-demenz.at\/index.php?rest_route=\/wp\/v2\/media\/211"}],"wp:attachment":[{"href":"https:\/\/www.ergoteam-demenz.at\/index.php?rest_route=%2Fwp%2Fv2%2Fmedia&parent=55"}],"curies":[{"name":"wp","href":"https:\/\/api.w.org\/{rel}","templated":true}]}}