{"id":67,"date":"2016-10-26T17:58:27","date_gmt":"2016-10-26T15:58:27","guid":{"rendered":"http:\/\/www.ergoteam-demenz.at\/?page_id=67"},"modified":"2017-02-26T13:01:44","modified_gmt":"2017-02-26T12:01:44","slug":"beratung-allgemeine-info","status":"publish","type":"page","link":"https:\/\/www.ergoteam-demenz.at\/?page_id=67","title":{"rendered":"Beratung Allgemeine Info"},"content":{"rendered":"<p><b>Die <\/b><b>Beratung und Schulung von Angeh\u00f6rigen bzw. Betreuenden von Menschen mit Demenz <\/b><b>sehen wir a<\/b><b>ls wesentlichen Bestandteil unserer T\u00e4tigkeit<\/b><b>.<\/b><\/p>\n<p>zu Beginn der Erkrankung f\u00e4llt es den Betroffenen oft schwer, Schwierigkeiten im Alltag oder erste sp\u00fcrbare Defizite zu akzeptieren, angebotene Unterst\u00fctzung durch das Umfeld\u00a0bzw.\u00a0Hilfsleistungen von mobilen Anbietern werden h\u00e4ufig abgelehnt.<\/p>\n<p>Mit dem Fortschreiten der Erkrankung ziehen sich die Betroffenen mehr und mehr in ihre eigene Welt zur\u00fcck; dies f\u00fchrt h\u00e4ufig zu Verhaltensweisen, die von Angeh\u00f6rigen als schwierig bzw. verst\u00f6rend erlebt werden. Dadurch wird der Alltag sehr belastet und die Kommunikation zunehmend erschwert.<\/p>\n<p><strong>Schwerpunkte in der ergotherapeutischen Beratung sind:<\/strong><\/p>\n<ul type=\"disc\">\n<li><span lang=\"DE\">Wissen \u00fcber Funktions- und F\u00e4higkeitsst\u00f6rungen vermitteln, sodass Sie das Verhalten Ihres Angeh\u00f6rigen besser verstehen<\/span><\/li>\n<li><span lang=\"DE\">Anleitung, wie Sie Ihren Angeh\u00f6rigen bei notwendigen Alltagshandlungen am besten unterst\u00fctzen k\u00f6nnen<\/span><\/li>\n<li><span lang=\"DE\">M\u00f6glichkeiten f\u00fcr gemeinsame, sinnvolle Bet\u00e4tigungen mit ihrem Angeh\u00f6rigen finden und deren Umsetzung anleiten<\/span><\/li>\n<li><span lang=\"DE\">geeignete Strategien f\u00fcr den Alltag erarbeiten &#8211; Selbstst\u00e4ndigkeit und Sicherheit sollen so lange wie m\u00f6glich erhalten bleiben<\/span><\/li>\n<li><span lang=\"DE\">Wege zu einer befriedigenden Form der Kontaktaufnahme und Kommunikation aufzeigen<\/span><\/li>\n<li><span lang=\"DE\">Tipps zur eigenen Abgrenzung geben und \u00fcber vorhandene Hilfs- und Entlastungsangebote informieren<\/span><\/li>\n<\/ul>\n<p>&nbsp;<\/p>\n","protected":false},"excerpt":{"rendered":"<p>Die Beratung und Schulung von Angeh\u00f6rigen bzw. Betreuenden von Menschen mit Demenz sehen wir als wesentlichen Bestandteil unserer T\u00e4tigkeit. zu Beginn der Erkrankung f\u00e4llt es den Betroffenen oft schwer, Schwierigkeiten im Alltag oder erste sp\u00fcrbare Defizite zu akzeptieren, angebotene Unterst\u00fctzung durch das Umfeld\u00a0bzw.\u00a0Hilfsleistungen von mobilen Anbietern werden h\u00e4ufig abgelehnt. Mit dem Fortschreiten der Erkrankung ziehen<\/p>\n","protected":false},"author":1,"featured_media":83,"parent":0,"menu_order":3,"comment_status":"closed","ping_status":"closed","template":"page.php","meta":{"footnotes":""},"class_list":["post-67","page","type-page","status-publish","has-post-thumbnail","hentry"],"_links":{"self":[{"href":"https:\/\/www.ergoteam-demenz.at\/index.php?rest_route=\/wp\/v2\/pages\/67","targetHints":{"allow":["GET"]}}],"collection":[{"href":"https:\/\/www.ergoteam-demenz.at\/index.php?rest_route=\/wp\/v2\/pages"}],"about":[{"href":"https:\/\/www.ergoteam-demenz.at\/index.php?rest_route=\/wp\/v2\/types\/page"}],"author":[{"embeddable":true,"href":"https:\/\/www.ergoteam-demenz.at\/index.php?rest_route=\/wp\/v2\/users\/1"}],"replies":[{"embeddable":true,"href":"https:\/\/www.ergoteam-demenz.at\/index.php?rest_route=%2Fwp%2Fv2%2Fcomments&post=67"}],"version-history":[{"count":12,"href":"https:\/\/www.ergoteam-demenz.at\/index.php?rest_route=\/wp\/v2\/pages\/67\/revisions"}],"predecessor-version":[{"id":332,"href":"https:\/\/www.ergoteam-demenz.at\/index.php?rest_route=\/wp\/v2\/pages\/67\/revisions\/332"}],"wp:featuredmedia":[{"embeddable":true,"href":"https:\/\/www.ergoteam-demenz.at\/index.php?rest_route=\/wp\/v2\/media\/83"}],"wp:attachment":[{"href":"https:\/\/www.ergoteam-demenz.at\/index.php?rest_route=%2Fwp%2Fv2%2Fmedia&parent=67"}],"curies":[{"name":"wp","href":"https:\/\/api.w.org\/{rel}","templated":true}]}}