{"id":69,"date":"2016-10-26T18:00:05","date_gmt":"2016-10-26T16:00:05","guid":{"rendered":"http:\/\/www.ergoteam-demenz.at\/?page_id=69"},"modified":"2018-02-11T13:49:55","modified_gmt":"2018-02-11T12:49:55","slug":"validation-allgemein","status":"publish","type":"page","link":"https:\/\/www.ergoteam-demenz.at\/?page_id=69","title":{"rendered":"Validation allgemein"},"content":{"rendered":"<p><span style=\"color: #808080;\"><strong><span lang=\"DE\">Validation<\/span>\u00ae <span lang=\"DE\">\u00a0ist eine Methode zur Kommunikation mit sehr alten desorientierten Menschen. Sie basiert auf einer wertsch\u00e4tzenden Grundhaltung.<\/span><\/strong><\/span><\/p>\n<p>Durch Empathie (Einf\u00fchlungsverm\u00f6gen) k\u00f6nnen wir versuchen, \u201ein den Schuhen des anderen zu gehen\u201c, die Bed\u00fcrfnisse des Gegen\u00fcbers zu verstehen und zu best\u00e4tigen. Im Gespr\u00e4ch werden Aussagen nicht korrigiert, sondern akzeptiert.<\/p>\n<p>Jemanden zu validieren bedeutet, seine Gef\u00fchle anzuerkennen, ihm zu sagen, dass seine Gef\u00fchle \u201ewahr\u201c sind.<\/p>\n<p>Es gibt immer einen Grund f\u00fcr das Verhalten von alten desorientierten Menschen. Dieses Prinzip steht hinter der Methode Validation nach Naomi Feil. Ihrer Ansicht nach beeinflusst nicht nur der Abbauprozess im Gehirn das Verhalten von Menschen mit Demenz. Alte Menschen versuchen in der letzten Phase ihres Lebens abzuschlie\u00dfen; sie m\u00fcssen in ihrem gelebten Leben \u201eaufr\u00e4umen\u201c, ungel\u00f6ste Konflikte bearbeiten, nicht ge\u00e4u\u00dferte Bed\u00fcrfnisse oder W\u00fcnsche bearbeiten.<\/p>\n<p><strong>Was bewirkt Validation<\/strong><strong>\u00ae<\/strong><strong>?<\/strong><\/p>\n<p>In dieser Phase der Aufarbeitung brauchen Menschen mit Demenz ein einf\u00fchlsames, nicht-wertendes Zuh\u00f6ren.<\/p>\n<p>Durch Validation wird<\/p>\n<ul>\n<li>Vertrauen aufgebaut<\/li>\n<li>ein dauerhafter Kontakt im Verlauf einer Demenz auf verbaler und nonverbaler Ebene erm\u00f6glicht<\/li>\n<li>das Wohlbefinden von Menschen mit Demenz gesteigert<\/li>\n<li>f\u00fcr die Umgebung herausforderndes und schwieriges Verhalten reduziert bzw. positiv beeinflusst und so Stress abgebaut<\/li>\n<li>oft ein l\u00e4ngeres Verweilen in der gewohnten Umgebung m\u00f6glich.<\/li>\n<\/ul>\n<p>&nbsp;<\/p>\n<p><strong>F\u00fcr wen ist Validation\u00ae geeignet?<\/strong><\/p>\n<p>Fu\u0308r desorientierte, u\u0308ber 80 Ja\u0308hrige Menschen ohne psychiatrische Erkrankung. Es gibt viele sehr alte Menschen, die auf Validation positiv reagieren.<\/p>\n<p><strong>N\u00e4here Informationen und <a href=\"http:\/\/www.ergoteam-demenz.at\/?page_id=96\">Kontakt<\/a><\/strong><\/p>\n<p>&nbsp;<\/p>\n","protected":false},"excerpt":{"rendered":"<p>Validation\u00ae \u00a0ist eine Methode zur Kommunikation mit sehr alten desorientierten Menschen. Sie basiert auf einer wertsch\u00e4tzenden Grundhaltung. Durch Empathie (Einf\u00fchlungsverm\u00f6gen) k\u00f6nnen wir versuchen, \u201ein den Schuhen des anderen zu gehen\u201c, die Bed\u00fcrfnisse des Gegen\u00fcbers zu verstehen und zu best\u00e4tigen. Im Gespr\u00e4ch werden Aussagen nicht korrigiert, sondern akzeptiert. Jemanden zu validieren bedeutet, seine Gef\u00fchle anzuerkennen, ihm<\/p>\n","protected":false},"author":1,"featured_media":91,"parent":2,"menu_order":4,"comment_status":"closed","ping_status":"closed","template":"","meta":{"footnotes":""},"class_list":["post-69","page","type-page","status-publish","has-post-thumbnail","hentry"],"_links":{"self":[{"href":"https:\/\/www.ergoteam-demenz.at\/index.php?rest_route=\/wp\/v2\/pages\/69","targetHints":{"allow":["GET"]}}],"collection":[{"href":"https:\/\/www.ergoteam-demenz.at\/index.php?rest_route=\/wp\/v2\/pages"}],"about":[{"href":"https:\/\/www.ergoteam-demenz.at\/index.php?rest_route=\/wp\/v2\/types\/page"}],"author":[{"embeddable":true,"href":"https:\/\/www.ergoteam-demenz.at\/index.php?rest_route=\/wp\/v2\/users\/1"}],"replies":[{"embeddable":true,"href":"https:\/\/www.ergoteam-demenz.at\/index.php?rest_route=%2Fwp%2Fv2%2Fcomments&post=69"}],"version-history":[{"count":9,"href":"https:\/\/www.ergoteam-demenz.at\/index.php?rest_route=\/wp\/v2\/pages\/69\/revisions"}],"predecessor-version":[{"id":544,"href":"https:\/\/www.ergoteam-demenz.at\/index.php?rest_route=\/wp\/v2\/pages\/69\/revisions\/544"}],"up":[{"embeddable":true,"href":"https:\/\/www.ergoteam-demenz.at\/index.php?rest_route=\/wp\/v2\/pages\/2"}],"wp:featuredmedia":[{"embeddable":true,"href":"https:\/\/www.ergoteam-demenz.at\/index.php?rest_route=\/wp\/v2\/media\/91"}],"wp:attachment":[{"href":"https:\/\/www.ergoteam-demenz.at\/index.php?rest_route=%2Fwp%2Fv2%2Fmedia&parent=69"}],"curies":[{"name":"wp","href":"https:\/\/api.w.org\/{rel}","templated":true}]}}