{"id":96,"date":"2016-07-22T19:46:38","date_gmt":"2016-07-22T17:46:38","guid":{"rendered":"http:\/\/www.ergoteam-demenz.at\/?page_id=96"},"modified":"2025-11-17T12:43:11","modified_gmt":"2025-11-17T11:43:11","slug":"fabianits","status":"publish","type":"page","link":"https:\/\/www.ergoteam-demenz.at\/?page_id=96","title":{"rendered":"Fabianits"},"content":{"rendered":"<p>&nbsp;<\/p>\n<p><img loading=\"lazy\" decoding=\"async\" class=\"wp-image-607 alignright\" src=\"https:\/\/www.ergoteam-demenz.at\/wp-content\/uploads\/2025\/09\/Fabianits-neu-Ausschnitt.jpg\" alt=\"\" width=\"221\" height=\"300\" srcset=\"https:\/\/www.ergoteam-demenz.at\/wp-content\/uploads\/2025\/09\/Fabianits-neu-Ausschnitt.jpg 1279w, https:\/\/www.ergoteam-demenz.at\/wp-content\/uploads\/2025\/09\/Fabianits-neu-Ausschnitt-221x300.jpg 221w, https:\/\/www.ergoteam-demenz.at\/wp-content\/uploads\/2025\/09\/Fabianits-neu-Ausschnitt-753x1024.jpg 753w, https:\/\/www.ergoteam-demenz.at\/wp-content\/uploads\/2025\/09\/Fabianits-neu-Ausschnitt-768x1045.jpg 768w, https:\/\/www.ergoteam-demenz.at\/wp-content\/uploads\/2025\/09\/Fabianits-neu-Ausschnitt-1129x1536.jpg 1129w\" sizes=\"auto, (max-width: 221px) 100vw, 221px\" \/><\/p>\n<p><strong>Helga Fabian<\/strong><strong>its<\/strong><\/p>\n<p>Ich bin seit\u00a01988 Ergotherapeutin,<\/p>\n<p>und seit mehr als zwanzig Jahren angestellt in der geriatrischen Langzeitbetreuung, au\u00dferdem seit mehr als zehn Jahren freiberuflich mit dem Schwerpunkt Demenz t\u00e4tig. Seit 2012 gebe ich mein Fachwissen auch vermehrt als Referentin und Lehrende (FH Wr. Neustadt und Hochschule Campus Wien) weiter.<\/p>\n<h3><b>Mein Angebot:<\/b><b><\/b><i><\/i><u><\/u><\/h3>\n<p><strong>Ergotherapie (mit Hausbesuch)<\/strong><br \/>\nIch besuche meine Klient*innen zuhause, im Zentrum steht der Alltag und das T\u00e4tig sein k\u00f6nnen. Gemeinsam mit ihren Angeh\u00f6rigen und\/oder Betreuungspersonen erarbeiten wir Strategien, wie gewohnte und lieb gewordene Alltagsaktivit\u00e4ten weiterhin ausge\u00fcbt werden k\u00f6nnen oder finden neue Bet\u00e4tigungsm\u00f6glichkeiten.<\/p>\n<p><strong>Kognitives Training<\/strong><br \/>\nHier werden Konzentration und Aufmerksamkeit gef\u00f6rdert, durch den Einsatz von speziellen Computerprogrammen werden Fortschritte sehr gut<br \/>\nsichtbar und Erfolgserlebnisse m\u00f6glich.<\/p>\n<p><strong>Seminare<\/strong><br \/>\nIch biete Fortbildungen f\u00fcr unterschiedliche Berufsgruppen im geriatrischen Bereich zum Thema Demenz an: Kommunikation und Umgang, Arbeit mit der Biografie, Bet\u00e4tigungsm\u00f6glichkeiten, Themenbereich Essen, Arbeit mit dem Demenz Balance Modell.<\/p>\n<p><strong>Einzelvalidation<\/strong><br \/>\nSensible Begleitung von Menschen mit einer Demenz, dadurch wird Stress reduziert und das Wohlbefinden gesteigert &#8211; sowohl f\u00fcr die betroffene Person als auch f\u00fcr deren Angeh\u00f6rige.<\/p>\n<h3><strong><br \/>\nMeine Ausbildungen:<\/strong><\/h3>\n<ul>\n<li>Spezialisierung in Ergotherapie f\u00fcr Menschen mit Demenz<\/li>\n<li>Multiplikatorin f\u00fcr das Demenz Balance Modell<\/li>\n<li>Ergotherapie in der palliativen Versorgung<\/li>\n<li>Sturzpr\u00e4vention und pr\u00e4ventives Gangsicherheitstraining<\/li>\n<li>Pr\u00e4-Affolter &#8211; Behandlung von Wahrnehmungsst\u00f6rungen bei Erwachsenen<br \/>\nnach erworbener Hirnsch\u00e4digung<\/li>\n<li>Ausbildung in Validation Level I (Anwenderin) und Level II (Gruppe)<\/li>\n<li>Biografiearbeit<\/li>\n<li>Teilnahme an Kongressen, Arbeitskreisen und Aktionstagen<\/li>\n<\/ul>\n<p><strong><br \/>\n&#8222;Fange nie an aufzuh\u00f6ren, h\u00f6re nie auf anzufangen.&#8220; <\/strong><span style=\"color: #33cccc;\">(Cicero)<\/span><\/p>\n<table id=\"straymanage\" class=\"widefat\" width=\"100%\">\n<tbody>\n<tr>\n<td><\/td>\n<td><style type=\"text\/css\">#AnythingPopup_BoxContainer2\t{width:600px;height:450px;max-width:80%;background:#FFFFFF;border:1px solid #BDCCEB;padding:0;position:fixed;z-index:99999;cursor:default;-moz-border-radius: 10px;-webkit-border-radius: 10px;-khtml-border-radius: 10px;border-radius: 10px;   display:none;} #AnythingPopup_BoxContainerHeader2 {height:30px;background:#BDCCEB;border-top-right-radius:10px;-moz-border-radius-topright:10px;-webkit-border-top-right-radius:10px;-khtml-border-top-right-radius: 10px;border-top-left-radius:10px;-moz-border-radius-topleft:10px;-webkit-border-top-left-radius:10px;-khtml-border-top-left-radius: 10px;} #AnythingPopup_BoxContainerHeader2 a {color:#FFFFFF;font-family:Verdana,Arial;font-size:10pt;font-weight:bold;} #AnythingPopup_BoxTitle2 {float:left; margin:5px;color:#FFFFFF;font-family:Verdana,Arial;font-size:12pt;font-weight:bold;} #AnythingPopup_BoxClose2 {float:right;width:50px;margin:5px;} #AnythingPopup_BoxContainerBody2 {margin:10px;overflow:auto;height:390px;} #AnythingPopup_BoxContainerFooter2 {position: fixed;top:0;left:0;bottom:0;right:0;opacity: .3;-moz-opacity: .3;filter: alpha(opacity=30);z-index:999;display:none;} <\/style><a href='javascript:AnythingPopup_OpenForm(\"AnythingPopup_BoxContainer2\",\"AnythingPopup_BoxContainerBody2\",\"AnythingPopup_BoxContainerFooter2\",\"600\",\"450\");'>Kontakt<\/a><div style=\"display: none;\" id=\"AnythingPopup_BoxContainer2\"><div id=\"AnythingPopup_BoxContainerHeader2\"><div id=\"AnythingPopup_BoxTitle2\">Kontakt<\/div><div id=\"AnythingPopup_BoxClose2\"><a href=\"javascript:AnythingPopup_HideForm('AnythingPopup_BoxContainer2','AnythingPopup_BoxContainerFooter2');\">Close<\/a><\/div><\/div><div id=\"AnythingPopup_BoxContainerBody2\"><h3>Ich freue mich \u00fcber Ihre Anfrage!<\/h3>\r<br \/>&nbsp;\r<br \/><h4>Helga Fabianits\r<br \/>Thugutstra\u00dfe 4\r<br \/>1020 Wien<\/h4>\r<br \/><h4><\/h4>\r<br \/><h4>Mobil: 0699\/18425980<\/h4>\r<br \/><h4>Email: <a href=\"javascript:secureDecryptAndNavigate('D\/jDDWEqkHeKECZ8jlEinfjbGy2oNCl3w+sTjb6MqJqJ6xQcBizFEKKcRVbgmziTZmOufGGWjveN+nZhdrvcQjui62SM1UpY+1jmITG7vgU=', '4334c6176745c2cb430c0e2c3ac6e702269ab8068c55bd4a21a1d217071f12a4')\">helga [dot] fabianits [at] chello [dot] at<\/a><b><\/b><i><\/i><u><\/u><\/h4>\r<br \/>&nbsp;\r<br \/>\r<br \/>&nbsp;\r<br \/>\r<br \/><b><\/b><i><\/i><u>\r<br \/><\/u>\r<br \/>\r<br \/>&nbsp;\r<br \/>\r<br \/>&nbsp;\r<br \/>\r<br \/>&nbsp;<\/div><\/div><div style=\"display: none;\" id=\"AnythingPopup_BoxContainerFooter2\"><\/div><\/p>\n<div class=\"row-actions\"><\/div>\n<\/td>\n<\/tr>\n<\/tbody>\n<\/table>\n","protected":false},"excerpt":{"rendered":"<p>&nbsp; Helga Fabianits Ich bin seit\u00a01988 Ergotherapeutin, und seit mehr als zwanzig Jahren angestellt in der geriatrischen Langzeitbetreuung, au\u00dferdem seit mehr als zehn Jahren freiberuflich mit dem Schwerpunkt Demenz t\u00e4tig. Seit 2012 gebe ich mein Fachwissen auch vermehrt als Referentin und Lehrende (FH Wr. Neustadt und Hochschule Campus Wien) weiter. Mein Angebot: Ergotherapie (mit Hausbesuch)<\/p>\n","protected":false},"author":1,"featured_media":0,"parent":21,"menu_order":0,"comment_status":"closed","ping_status":"closed","template":"page-fullwidth.php","meta":{"footnotes":""},"class_list":["post-96","page","type-page","status-publish","hentry"],"_links":{"self":[{"href":"https:\/\/www.ergoteam-demenz.at\/index.php?rest_route=\/wp\/v2\/pages\/96","targetHints":{"allow":["GET"]}}],"collection":[{"href":"https:\/\/www.ergoteam-demenz.at\/index.php?rest_route=\/wp\/v2\/pages"}],"about":[{"href":"https:\/\/www.ergoteam-demenz.at\/index.php?rest_route=\/wp\/v2\/types\/page"}],"author":[{"embeddable":true,"href":"https:\/\/www.ergoteam-demenz.at\/index.php?rest_route=\/wp\/v2\/users\/1"}],"replies":[{"embeddable":true,"href":"https:\/\/www.ergoteam-demenz.at\/index.php?rest_route=%2Fwp%2Fv2%2Fcomments&post=96"}],"version-history":[{"count":36,"href":"https:\/\/www.ergoteam-demenz.at\/index.php?rest_route=\/wp\/v2\/pages\/96\/revisions"}],"predecessor-version":[{"id":622,"href":"https:\/\/www.ergoteam-demenz.at\/index.php?rest_route=\/wp\/v2\/pages\/96\/revisions\/622"}],"up":[{"embeddable":true,"href":"https:\/\/www.ergoteam-demenz.at\/index.php?rest_route=\/wp\/v2\/pages\/21"}],"wp:attachment":[{"href":"https:\/\/www.ergoteam-demenz.at\/index.php?rest_route=%2Fwp%2Fv2%2Fmedia&parent=96"}],"curies":[{"name":"wp","href":"https:\/\/api.w.org\/{rel}","templated":true}]}}